{"id":749,"date":"2016-06-30T14:29:15","date_gmt":"2016-06-30T14:29:15","guid":{"rendered":"http:\/\/www.transportadoralunardi.com.br\/site\/?page_id=749"},"modified":"2022-09-21T11:20:12","modified_gmt":"2022-09-21T11:20:12","slug":"local-aparecida-goiania","status":"publish","type":"page","link":"https:\/\/transportadoralunardi.com.br\/site\/local-aparecida-goiania\/","title":{"rendered":"Aparecida de Goi\u00e2nia\/GO"},"content":{"rendered":"<div class=\"row \"><div class=\"wpv-grid grid-1-1  wpv-first-level first unextended\" style=\"padding-top:0px;padding-bottom:0px\" id=\"wpv-column-4c7a22ab9944c3061f9608a78f7363f0\" ><\/div><\/div>\n<div class=\"row \"><div class=\"wpv-grid grid-1-1  wpv-first-level first extended\" style=\"padding-top:0px;padding-bottom:0px\" id=\"wpv-column-fc1411a2a119e71ddea3072b0a4e2138\" ><div class=\"extended-column-inner\">\t\t<div class=\"sep-text single centered\">\n\t\t\t\t\t\t\t<span class=\"sep-text-before\"><span class=\"sep-text-line\"><\/span><\/span>\n\t\t\t\t\t\t<div class=\"content\">\n\t\t\t\t<h2 class=\"text-divider-double\">N\u00f3s estamos em Aparecida de Goi\u00e2nia - GO<\/h2>\t\t\t<\/div>\n\t\t\t<span class=\"sep-text-after\"><span class=\"sep-text-line\"><\/span><\/span>\n\t\t\t\t\t<\/div>\n\t<div class=\"row \"><div class=\"wpv-grid grid-1-3  first unextended animation-fade-in animated-active\" style=\"padding-top:0px;padding-bottom:0px\" id=\"wpv-column-622997ef3cec1b40f44781355c3104a7\" ><p style=\"text-align: center;\"><span class='icon shortcode theme  use-hover' style='color:#ba0913;font-size:32px !important;'>&#57547;<\/span>\n<p style=\"text-align: center;\">Rodovia BR 153 KM 516 . Sala 03<br \/>\nBairro Rosa dos Ventos<br \/>\nCEP 74989-840<\/div>\n<div class=\"wpv-grid grid-1-3  unextended animation-fade-in animated-active\" style=\"padding-top:0px;padding-bottom:0px\" id=\"wpv-column-7f7f625b3b32d3c8f0d3d454019fdb98\" ><p style=\"text-align: center;\"><span class='icon shortcode theme  use-hover' style='color:#ba0913;font-size:32px !important;'>&#57471;<\/span>\n<p style=\"text-align: center;\"><span style=\"color: #333333;\">(49) 3353 9900<\/span><\/div>\n<div class=\"wpv-grid grid-1-3  unextended animation-fade-in animated-active\" style=\"padding-top:0px;padding-bottom:0px\" id=\"wpv-column-99b274298fa0cdb3d4ea9637d837c8e3\" ><p style=\"text-align: center;\"><span class='icon shortcode theme  use-hover' style='color:#ba0913;font-size:32px !important;'>&#57530;<\/span>\n<p style=\"text-align: center;\">Dias da Semana:<br \/>\n08:00 \u2013 12:00 | 13:30 &#8211; 18:00<\/div><\/div>\n<div class=\"push  wpv-hide-lowres\" style=\"margin-bottom:-40px\"><\/div><\/div><\/div><\/div>\n<div class=\"push \" style=\"height:30px\"><\/div>\n<div class=\"row \"><div class=\"wpv-grid grid-1-1  wpv-first-level first has-background extended\" style=\"\n\t\t\t\tbackground: url( 'http:\/\/www.transportadoralunardi.com.br\/site\/wp-content\/uploads\/2015\/09\/map.png' )  ;\n\t\t\t\tbackground-size: auto;\n\t\t\tpadding-top:0px;padding-bottom:0px\" id=\"wpv-column-f40bad8f19374c867e0836e9eec0d840\" ><div class=\"extended-column-inner\"><div class=\"row \"><div class=\"wpv-grid grid-1-1  first unextended animation-from-right animated-active\" style=\"padding-top:0px;padding-bottom:0px\" id=\"wpv-column-4e5bc53437c7fc5f6dd04f0829cfc8c1\" >\t\t<div class=\"sep-text single centered\">\n\t\t\t\t\t\t\t<span class=\"sep-text-before\"><span class=\"sep-text-line\"><\/span><\/span>\n\t\t\t\t\t\t<div class=\"content\">\n\t\t\t\t\n<h3><strong>Saiba onde estamos localizados<\/strong><\/h3>\n\t\t\t<\/div>\n\t\t\t<span class=\"sep-text-after\"><span class=\"sep-text-line\"><\/span><\/span>\n\t\t\t\t\t<\/div>\n\t<\/div><\/div>\n<div class=\"row \"><div class=\"wpv-grid grid-1-2  first unextended animation-zoom-in animated-active\" style=\"padding-top:0px;padding-bottom:0px\" id=\"wpv-column-475166cc6623848438601d90f02ae72a\" ><div class=\"row \"><div class=\"wpv-grid grid-1-1  first unextended\" style=\"padding-top:0px;padding-bottom:0px\" id=\"wpv-column-171fbef882c03b1296d83e026f10b6dc\" ><h4 style=\"text-align: justify;\">Estamos localizados em pontos estrat\u00e9gicos, nos estados de Santa Catarina, Paran\u00e1, Bahia, Cear\u00e1, Minas Gerais, Par\u00e1, Pernambuco e S\u00e3o Paulo, ligando as principais rotas da cadeia log\u00edstica, em todo o territ\u00f3rio nacional.<\/h4><\/div><\/div>\n<div class=\"row \"><div class=\"wpv-grid grid-1-1  first unextended animation-zoom-in animated-active\" style=\"padding-top:0px;padding-bottom:0px\" id=\"wpv-column-a51403f6c12370f1515cb173da6a9f62\" ><div class=\"row \"><div class=\"wpv-grid grid-1-3  first unextended\" style=\"padding-top:0px;padding-bottom:0px\" id=\"wpv-column-abde44a80d4b42a15f0b0cd2514cd395\" ><h3><strong><a href=\"http:\/\/www.transportadoralunardi.com.br\/site\/local-saoluis\">S\u00e3o Luis\/MA<\/a><\/strong><\/h3>\n<div><span class='icon shortcode   use-hover' style='font-size:16px !important;'>&#57490;<\/span> <strong>(91) 9 8974 0100<\/strong><\/div>\n<div><span class='icon shortcode   use-hover' style='font-size:16px !important;'>&#57490;<\/span> <strong>(49) 3353 9900<\/strong><\/div>\n<div><a href=\"http:\/\/www.transportadoralunardi.com.br\/site\/local-saoluis\"><span class='icon shortcode   use-hover' style='font-size:16px !important;'>&#57509;<\/span>Ver no mapa..<\/a><\/div><\/div>\n<div class=\"wpv-grid grid-1-3  unextended\" style=\"padding-top:0px;padding-bottom:0px\" id=\"wpv-column-45df1984fd308c83dfdbbeea647074ed\" ><h3><strong><a href=\"http:\/\/www.transportadoralunardi.com.br\/site\/local-aparecida-goiania\">Aparecida de Goi\u00e2nia \/GO<\/a><\/strong><\/h3>\n<span class='icon shortcode   use-hover' style='font-size:16px !important;'>&#57490;<\/span> <strong>(49) 3353 9900<\/strong><\/p>\n<div><a href=\"http:\/\/www.transportadoralunardi.com.br\/site\/?page_id=423\"><span class='icon shortcode   use-hover' style='font-size:16px !important;'>&#57509;<\/span>Ver no mapa..<\/a><\/div><\/div>\n<div class=\"wpv-grid grid-1-3  unextended\" style=\"padding-top:0px;padding-bottom:0px\" id=\"wpv-column-8fd3426d4787fab9c631e66cfeb352bc\" ><h3><strong><a href=\"http:\/\/www.transportadoralunardi.com.br\/site\/?page_id=423\">Curitiba\/PR<\/a><\/strong><\/h3>\n<span class='icon shortcode   use-hover' style='font-size:16px !important;'>&#57490;<\/span> <strong>(49) 3353 9900<\/strong><\/p>\n<div><a href=\"http:\/\/www.transportadoralunardi.com.br\/site\/?page_id=423\"><span class='icon shortcode   use-hover' style='font-size:16px !important;'>&#57509;<\/span>Ver no mapa..<\/a><\/div><\/div><\/div><\/div><\/div>\n<div class=\"push  wpv-hide-lowres\" style=\"height:30px\"><\/div>\n<div class=\"row \"><div class=\"wpv-grid grid-1-1  first unextended animation-zoom-in animated-active\" style=\"padding-top:0px;padding-bottom:0px\" id=\"wpv-column-16119ff5be4a849092716f0fcbfcff2e\" ><div class=\"row \"><div class=\"wpv-grid grid-1-3  first unextended\" style=\"padding-top:0px;padding-bottom:0px\" id=\"wpv-column-e31855bd5d81e2f088b77652f29c3028\" ><h3><strong><a href=\"http:\/\/www.transportadoralunardi.com.br\/site\/?page_id=427\">Benevides\/PA<\/a><br \/>\n<\/strong><\/h3>\n<div><span class='icon shortcode   use-hover' style='font-size:16px !important;'>&#57490;<\/span><strong>(91) 98141-7363<\/strong><\/div>\n<div><span class='icon shortcode   use-hover' style='font-size:16px !important;'>&#57490;<\/span> <strong>(49) 3353 9900<\/strong><\/div>\n<div><a href=\"http:\/\/www.transportadoralunardi.com.br\/site\/?page_id=427\"><span class='icon shortcode   use-hover' style='font-size:16px !important;'>&#57509;<\/span>Ver no mapa..<\/a><\/div><\/div>\n<div class=\"wpv-grid grid-1-3  unextended\" style=\"padding-top:0px;padding-bottom:0px\" id=\"wpv-column-cdd155e54d740e30397b74605e5d7b6a\" ><h3><strong><a href=\"http:\/\/www.transportadoralunardi.com.br\/site\/?page_id=438\">Estiva\/MG<\/a><\/strong><\/h3>\n<span class='icon shortcode   use-hover' style='font-size:16px !important;'>&#57490;<\/span> <strong>(49) 3353 9900<\/strong><\/p>\n<div><a href=\"http:\/\/www.transportadoralunardi.com.br\/site\/?page_id=438\"><span class='icon shortcode   use-hover' style='font-size:16px !important;'>&#57509;<\/span>Ver no mapa..<\/a><\/div><\/div>\n<div class=\"wpv-grid grid-1-3  unextended\" style=\"padding-top:0px;padding-bottom:0px\" id=\"wpv-column-624f04b9d0ebfffc282565155e45f402\" ><h3><strong><a href=\"http:\/\/www.transportadoralunardi.com.br\/site\/?page_id=440\">Feira de Santana\/BA<\/a><\/strong><\/h3>\n<div><span class='icon shortcode   use-hover' style='font-size:16px !important;'>&#57490;<\/span><strong>(49) 9 9913 5444<\/strong><\/div>\n<div><span class='icon shortcode   use-hover' style='font-size:16px !important;'>&#57490;<\/span> <strong>(49) 3353 9900<\/strong><br \/>\n<a href=\"http:\/\/www.transportadoralunardi.com.br\/site\/?page_id=440\"><span class='icon shortcode   use-hover' style='font-size:16px !important;'>&#57509;<\/span>Ver no mapa..<\/a><\/div><\/div><\/div><\/div><\/div>\n<div class=\"push  wpv-hide-lowres\" style=\"height:30px\"><\/div>\n<div class=\"row \"><div class=\"wpv-grid grid-1-1  first unextended animation-zoom-in animated-active\" style=\"padding-top:0px;padding-bottom:0px\" id=\"wpv-column-f4682176c280dadfb46a54c9947d8a41\" ><div class=\"row \"><div class=\"wpv-grid grid-1-3  first unextended\" style=\"padding-top:0px;padding-bottom:0px\" id=\"wpv-column-1fc9963d15d8d58018957b7b7bb46b8a\" ><h3><strong><a href=\"http:\/\/www.transportadoralunardi.com.br\/site\/local-gurupi\">Gurupi\/TO<\/a><\/strong><\/h3>\n<span class='icon shortcode   use-hover' style='font-size:16px !important;'>&#57490;<\/span> <strong>(49) 3353 9900<\/strong><\/p>\n<div><a href=\"http:\/\/www.transportadoralunardi.com.br\/site\/local-gurupi\"><span class='icon shortcode   use-hover' style='font-size:16px !important;'>&#57509;<\/span>Ver no mapa..<\/a><\/div><\/div>\n<div class=\"wpv-grid grid-1-3  unextended\" style=\"padding-top:0px;padding-bottom:0px\" id=\"wpv-column-35098656415e3b0503c1ec0b34b01ffc\" ><h3><strong><a href=\"http:\/\/www.transportadoralunardi.com.br\/site\/?page_id=436\">Horizonte\/CE<\/a><\/strong><\/h3>\n<div><span class='icon shortcode   use-hover' style='font-size:16px !important;'>&#57490;<\/span><strong>(85) 9 9732 3477<\/strong><\/div>\n<div><span class='icon shortcode   use-hover' style='font-size:16px !important;'>&#57490;<\/span> <strong>(49) 3353 9900<\/strong><\/div>\n<div><a href=\"http:\/\/www.transportadoralunardi.com.br\/site\/?page_id=436\"><span class='icon shortcode   use-hover' style='font-size:16px !important;'>&#57509;<\/span>Ver no mapa..<\/a><\/div><\/div>\n<div class=\"wpv-grid grid-1-3  unextended\" style=\"padding-top:0px;padding-bottom:0px\" id=\"wpv-column-55768daf2341ba6f1b20198cf9909dbc\" ><h3><strong><a href=\"http:\/\/www.transportadoralunardi.com.br\/site\/?page_id=420\">Recife\/PE<\/a><\/strong><\/h3>\n<div><span class='icon shortcode   use-hover' style='font-size:16px !important;'>&#57490;<\/span><strong>(81) 3497 0757<\/strong><\/div>\n<div><a href=\"http:\/\/www.transportadoralunardi.com.br\/site\/?page_id=420\"><span class='icon shortcode   use-hover' style='font-size:16px !important;'>&#57509;<\/span>Ver no mapa..<\/a><\/div><\/div><\/div><\/div><\/div>\n<div class=\"push  wpv-hide-lowres\" style=\"height:30px\"><\/div>\n<div class=\"row \"><div class=\"wpv-grid grid-1-1  first unextended animation-zoom-in animated-active\" style=\"padding-top:0px;padding-bottom:0px\" id=\"wpv-column-383c6e0681c252c9b63136b2ef251798\" ><div class=\"row \"><div class=\"wpv-grid grid-1-3  first unextended\" style=\"padding-top:0px;padding-bottom:0px\" id=\"wpv-column-497d13bdd7d0831a460495253a270f8e\" ><h3><strong><a href=\"http:\/\/www.transportadoralunardi.com.br\/site\/local-tres-rios\">Rio de Janeiro\/RJ<\/a><\/strong><\/h3>\n<span class='icon shortcode   use-hover' style='font-size:16px !important;'>&#57490;<\/span> <strong>(49) 3353 9900<\/strong><\/p>\n<div><a href=\"http:\/\/www.transportadoralunardi.com.br\/site\/?page_id=423\"><span class='icon shortcode   use-hover' style='font-size:16px !important;'>&#57509;<\/span>Ver no mapa..<\/a><\/div><\/div>\n<div class=\"wpv-grid grid-1-3  unextended\" style=\"padding-top:0px;padding-bottom:0px\" id=\"wpv-column-34d0f2d5c2155bbda7444a2882638792\" ><h3><strong><a href=\"http:\/\/www.transportadoralunardi.com.br\/site\/?page_id=414\">S\u00e3o Paulo\/SP<\/a><\/strong><\/h3>\n<div><span class='icon shortcode   use-hover' style='font-size:16px !important;'>&#57490;<\/span><strong>(11) 3901 0691<\/strong><\/div>\n<div><a href=\"http:\/\/www.transportadoralunardi.com.br\/site\/?page_id=414\"><span class='icon shortcode   use-hover' style='font-size:16px !important;'>&#57509;<\/span>Ver no mapa..<\/a><\/div><\/div>\n<div class=\"wpv-grid grid-1-3  unextended\" style=\"padding-top:0px;padding-bottom:0px\" id=\"wpv-column-fcaae029cbbdf0dbb9754af075c84086\" ><h3><strong><a href=\"http:\/\/www.transportadoralunardi.com.br\/site\/local-teresina\">Teresina\/PI<\/a><\/strong><\/h3>\n<span class='icon shortcode   use-hover' style='font-size:16px !important;'>&#57490;<\/span> <strong>(49) 3353 9900<\/strong><\/p>\n<div><a href=\"http:\/\/www.transportadoralunardi.com.br\/site\/local-teresina\"><span class='icon shortcode   use-hover' style='font-size:16px !important;'>&#57509;<\/span>Ver no mapa..<\/a><\/div><\/div><\/div><\/div><\/div>\n<div class=\"push  wpv-hide-lowres\" style=\"height:30px\"><\/div>\n<div class=\"row \"><div class=\"wpv-grid grid-1-1  first unextended animation-zoom-in animated-active\" style=\"padding-top:0px;padding-bottom:0px\" id=\"wpv-column-39bb5b47f6e22eaa8b6d24f297f7a196\" ><div class=\"row \"><div class=\"wpv-grid grid-1-3  first unextended\" style=\"padding-top:0px;padding-bottom:0px\" id=\"wpv-column-e59f0adb0ad9f136fcc6906f9cbf4c65\" ><h3><a href=\"http:\/\/www.transportadoralunardi.com.br\/site\/local-viana\/\">Viana\/ES<\/a><\/h3>\n<span class='icon shortcode   use-hover' style='font-size:16px !important;'>&#57490;<\/span> <strong>(49) 3353 9900<\/strong><\/p>\n<div><a href=\"http:\/\/www.transportadoralunardi.com.br\/site\/local-viana\/\"><span class='icon shortcode   use-hover' style='font-size:16px !important;'>&#57509;<\/span>Ver no mapa..<\/a><\/div><\/div>\n<div class=\"wpv-grid grid-1-3  unextended\" style=\"padding-top:0px;padding-bottom:0px\" id=\"wpv-column-97102678b150cc4b8dc886797dd56bed\" ><h3><span style=\"color: #b00000;\"><strong> <a style=\"color: #b00000;\" href=\"http:\/\/www.transportadoralunardi.com.br\/site\/?page_id=408\">Xaxim\/SC<\/a><\/strong><\/span><\/h3>\n<div><span class='icon shortcode   use-hover' style='font-size:16px !important;'>&#57490;<\/span><strong>(49) 3353 9900<\/strong><\/div>\n<div><a href=\"http:\/\/www.transportadoralunardi.com.br\/site\/?page_id=408\"><span class='icon shortcode   use-hover' style='font-size:16px !important;'>&#57509;<\/span>Ver no mapa..<\/a><\/div><\/div><\/div><\/div><\/div>\n<div class=\"push  wpv-hide-lowres\" style=\"height:30px\"><\/div><\/div>\n<div class=\"wpv-grid grid-1-2  unextended animation-zoom-in animated-active\" style=\"padding-top:0px;padding-bottom:0px\" id=\"wpv-column-97922f91587b56f8ba76090681f5990c\" ><div class=\"row \"><div class=\"wpv-grid grid-1-1  first unextended\" style=\"padding-top:0px;padding-bottom:0px\" id=\"wpv-column-02517d5be69e702b057a01ccef7532aa\" ><p><a href=\"http:\/\/www.transportadoralunardi.com.br\/site\/wp-content\/uploads\/2017\/12\/mapa.png\"><img loading=\"lazy\" decoding=\"async\" class=\"alignnone wp-image-843 size-full\" src=\"http:\/\/www.transportadoralunardi.com.br\/site\/wp-content\/uploads\/2017\/12\/mapa.png\" alt=\"\" width=\"819\" height=\"739\" \/><\/a><\/div><\/div><\/div><\/div><\/div><\/div><\/div>\n","protected":false},"excerpt":{"rendered":"<p>Rodovia BR 153 KM 516 . Sala 03 Bairro Rosa dos Ventos CEP 74989-840 (49) 3353 9900 Dias da Semana: 08:00 \u2013 12:00 | 13:30 &#8211; 18:00 Estamos localizados em pontos estrat\u00e9gicos, nos estados de Santa Catarina, Paran\u00e1, Bahia, Cear\u00e1, Minas Gerais, Par\u00e1, Pernambuco e S\u00e3o Paulo, ligando as principais rotas da cadeia log\u00edstica, em&#8230;<\/p>\n","protected":false},"author":1,"featured_media":0,"parent":0,"menu_order":0,"comment_status":"closed","ping_status":"closed","template":"","meta":{"footnotes":""},"class_list":["post-749","page","type-page","status-publish","hentry"],"_links":{"self":[{"href":"https:\/\/transportadoralunardi.com.br\/site\/wp-json\/wp\/v2\/pages\/749","targetHints":{"allow":["GET"]}}],"collection":[{"href":"https:\/\/transportadoralunardi.com.br\/site\/wp-json\/wp\/v2\/pages"}],"about":[{"href":"https:\/\/transportadoralunardi.com.br\/site\/wp-json\/wp\/v2\/types\/page"}],"author":[{"embeddable":true,"href":"https:\/\/transportadoralunardi.com.br\/site\/wp-json\/wp\/v2\/users\/1"}],"replies":[{"embeddable":true,"href":"https:\/\/transportadoralunardi.com.br\/site\/wp-json\/wp\/v2\/comments?post=749"}],"version-history":[{"count":35,"href":"https:\/\/transportadoralunardi.com.br\/site\/wp-json\/wp\/v2\/pages\/749\/revisions"}],"predecessor-version":[{"id":1811,"href":"https:\/\/transportadoralunardi.com.br\/site\/wp-json\/wp\/v2\/pages\/749\/revisions\/1811"}],"wp:attachment":[{"href":"https:\/\/transportadoralunardi.com.br\/site\/wp-json\/wp\/v2\/media?parent=749"}],"curies":[{"name":"wp","href":"https:\/\/api.w.org\/{rel}","templated":true}]}}