{"id":2034,"date":"2026-04-08T13:41:56","date_gmt":"2026-04-08T13:41:56","guid":{"rendered":"https:\/\/transportadoralunardi.com.br\/site\/?page_id=2034"},"modified":"2026-04-09T17:30:53","modified_gmt":"2026-04-09T17:30:53","slug":"transporte","status":"publish","type":"page","link":"https:\/\/transportadoralunardi.com.br\/site\/transporte\/","title":{"rendered":"Transporte"},"content":{"rendered":"\t\t<div data-elementor-type=\"wp-page\" data-elementor-id=\"2034\" class=\"elementor elementor-2034\">\n\t\t\t\t<div class=\"elementor-element elementor-element-0008790 e-flex e-con-boxed e-con e-parent\" data-id=\"0008790\" data-element_type=\"container\" data-e-type=\"container\" data-settings=\"{&quot;background_background&quot;:&quot;classic&quot;}\">\n\t\t\t\t\t<div class=\"e-con-inner\">\n\t\t\t\t\t<\/div>\n\t\t\t\t<\/div>\n\t\t<div class=\"elementor-element elementor-element-d95883e e-flex e-con-boxed e-con e-parent\" data-id=\"d95883e\" data-element_type=\"container\" data-e-type=\"container\" data-settings=\"{&quot;animation&quot;:&quot;none&quot;}\">\n\t\t\t\t\t<div class=\"e-con-inner\">\n\t\t<div class=\"elementor-element elementor-element-c5cfff1 e-con-full e-flex e-con e-child\" data-id=\"c5cfff1\" data-element_type=\"container\" data-e-type=\"container\">\n\t\t\t\t<div class=\"elementor-element elementor-element-0cceadc elementor-widget__width-initial elementor-widget-divider--view-line elementor-widget elementor-widget-divider\" data-id=\"0cceadc\" data-element_type=\"widget\" data-e-type=\"widget\" data-widget_type=\"divider.default\">\n\t\t\t\t\t\t\t<div class=\"elementor-divider\">\n\t\t\t<span class=\"elementor-divider-separator\">\n\t\t\t\t\t\t<\/span>\n\t\t<\/div>\n\t\t\t\t\t\t<\/div>\n\t\t\t\t<div class=\"elementor-element elementor-element-6d605bc elementor-widget elementor-widget-heading\" data-id=\"6d605bc\" data-element_type=\"widget\" data-e-type=\"widget\" data-widget_type=\"heading.default\">\n\t\t\t\t\t<h2 class=\"elementor-heading-title elementor-size-default\">O que n\u00f3s transportamos<\/h2>\t\t\t\t<\/div>\n\t\t\t\t<div class=\"elementor-element elementor-element-3403fd6 elementor-widget__width-initial elementor-widget-divider--view-line elementor-widget elementor-widget-divider\" data-id=\"3403fd6\" data-element_type=\"widget\" data-e-type=\"widget\" data-widget_type=\"divider.default\">\n\t\t\t\t\t\t\t<div class=\"elementor-divider\">\n\t\t\t<span class=\"elementor-divider-separator\">\n\t\t\t\t\t\t<\/span>\n\t\t<\/div>\n\t\t\t\t\t\t<\/div>\n\t\t\t\t<\/div>\n\t\t<div class=\"elementor-element elementor-element-ee50383 e-con-full e-flex e-con e-child\" data-id=\"ee50383\" data-element_type=\"container\" data-e-type=\"container\">\n\t\t<div class=\"elementor-element elementor-element-0047aa7 e-con-full e-flex e-con e-child\" data-id=\"0047aa7\" data-element_type=\"container\" data-e-type=\"container\">\n\t\t\t\t\t\t\t\t<p class=\"e-10400a0-1fdb845 text e-paragraph-base\" data-interaction-id=\"10400a0\"  >\n\t\t\t\t\t\t\t\tOferecemos solu\u00e7\u00f5es de log\u00edstica sob medida para voc\u00ea, de ponto a ponto e em todo o territ\u00f3rio nacional, para cargas secas e refrigeradas, sempre atenta \u00e0s particularidades e exig\u00eancias\/demandas espec\u00edficas de cada cliente, garantindo as condi\u00e7\u00f5es ideais at\u00e9 seu destino final: os centros de distribui\u00e7\u00e3o.\n\t\t\t\t\t<\/p>\n\t\t\t\t<\/div>\n\t\t\t\t<\/div>\n\t\t\t\t\t<\/div>\n\t\t\t\t<\/div>\n\t\t<div class=\"elementor-element elementor-element-2ec804b e-flex e-con-boxed e-con e-parent\" data-id=\"2ec804b\" data-element_type=\"container\" data-e-type=\"container\" data-settings=\"{&quot;background_background&quot;:&quot;classic&quot;,&quot;animation&quot;:&quot;none&quot;}\">\n\t\t\t\t\t<div class=\"e-con-inner\">\n\t\t<div class=\"elementor-element elementor-element-605f71f e-con-full e-flex e-con e-child\" data-id=\"605f71f\" data-element_type=\"container\" data-e-type=\"container\">\n\t\t\t\t<div class=\"elementor-element elementor-element-837e66d elementor-widget__width-initial elementor-widget-divider--view-line elementor-widget elementor-widget-divider\" data-id=\"837e66d\" data-element_type=\"widget\" data-e-type=\"widget\" data-widget_type=\"divider.default\">\n\t\t\t\t\t\t\t<div class=\"elementor-divider\">\n\t\t\t<span class=\"elementor-divider-separator\">\n\t\t\t\t\t\t<\/span>\n\t\t<\/div>\n\t\t\t\t\t\t<\/div>\n\t\t\t\t<div class=\"elementor-element elementor-element-3af023d elementor-widget elementor-widget-heading\" data-id=\"3af023d\" data-element_type=\"widget\" data-e-type=\"widget\" data-widget_type=\"heading.default\">\n\t\t\t\t\t<h2 class=\"elementor-heading-title elementor-size-default\">Carga Congelada<\/h2>\t\t\t\t<\/div>\n\t\t\t\t<div class=\"elementor-element elementor-element-67e1d4d elementor-widget__width-initial elementor-widget-divider--view-line elementor-widget elementor-widget-divider\" data-id=\"67e1d4d\" data-element_type=\"widget\" data-e-type=\"widget\" data-widget_type=\"divider.default\">\n\t\t\t\t\t\t\t<div class=\"elementor-divider\">\n\t\t\t<span class=\"elementor-divider-separator\">\n\t\t\t\t\t\t<\/span>\n\t\t<\/div>\n\t\t\t\t\t\t<\/div>\n\t\t\t\t<\/div>\n\t\t<div class=\"elementor-element elementor-element-da2d8da e-con-full e-flex e-con e-child\" data-id=\"da2d8da\" data-element_type=\"container\" data-e-type=\"container\">\n\t\t<div class=\"elementor-element elementor-element-c3011ae e-con-full e-flex e-con e-child\" data-id=\"c3011ae\" data-element_type=\"container\" data-e-type=\"container\">\n\t\t\t\t\t\t\t\t<p class=\"e-fed1b23-9bd771c text e-paragraph-base\" data-interaction-id=\"fed1b23\"  >\n\t\t\t\t\t\t\t\tUtilizamos equipamentos de refrigera\u00e7\u00e3o de \u00faltima gera\u00e7\u00e3o. O controle constante e adequado de temperatura tem papel fundamental na manuten\u00e7\u00e3o da integridade e qualidade dos produtos perec\u00edveis durante o transporte.\n\t\t\t\t\t<\/p>\n\t\t\t\t<\/div>\n\t\t<div class=\"elementor-element elementor-element-8f1bd55 e-con-full e-flex e-con e-child\" data-id=\"8f1bd55\" data-element_type=\"container\" data-e-type=\"container\">\n\t\t\t\t<div class=\"elementor-element elementor-element-3e34d0b elementor-widget elementor-widget-image\" data-id=\"3e34d0b\" data-element_type=\"widget\" data-e-type=\"widget\" data-widget_type=\"image.default\">\n\t\t\t\t\t\t\t\t\t\t\t\t\t\t\t<img decoding=\"async\" width=\"201\" height=\"167\" src=\"https:\/\/transportadoralunardi.com.br\/site\/wp-content\/uploads\/2015\/09\/ico_supercongelados.png\" class=\"attachment-full size-full wp-image-703\" alt=\"\" \/>\t\t\t\t\t\t\t\t\t\t\t\t\t\t\t<\/div>\n\t\t\t\t<div class=\"elementor-element elementor-element-13b3230 elementor-widget elementor-widget-image\" data-id=\"13b3230\" data-element_type=\"widget\" data-e-type=\"widget\" data-widget_type=\"image.default\">\n\t\t\t\t\t\t\t\t\t\t\t\t\t\t\t<img decoding=\"async\" width=\"201\" height=\"167\" src=\"https:\/\/transportadoralunardi.com.br\/site\/wp-content\/uploads\/2015\/09\/ico_sorvetes.png\" class=\"attachment-full size-full wp-image-702\" alt=\"\" \/>\t\t\t\t\t\t\t\t\t\t\t\t\t\t\t<\/div>\n\t\t\t\t<div class=\"elementor-element elementor-element-f469da3 elementor-widget elementor-widget-image\" data-id=\"f469da3\" data-element_type=\"widget\" data-e-type=\"widget\" data-widget_type=\"image.default\">\n\t\t\t\t\t\t\t\t\t\t\t\t\t\t\t<img decoding=\"async\" width=\"201\" height=\"167\" src=\"https:\/\/transportadoralunardi.com.br\/site\/wp-content\/uploads\/2015\/09\/ico_pescado-1.png\" class=\"attachment-full size-full wp-image-700\" alt=\"\" \/>\t\t\t\t\t\t\t\t\t\t\t\t\t\t\t<\/div>\n\t\t\t\t<div class=\"elementor-element elementor-element-54d50f8 elementor-widget elementor-widget-image\" data-id=\"54d50f8\" data-element_type=\"widget\" data-e-type=\"widget\" data-widget_type=\"image.default\">\n\t\t\t\t\t\t\t\t\t\t\t\t\t\t\t<img loading=\"lazy\" decoding=\"async\" width=\"201\" height=\"167\" src=\"https:\/\/transportadoralunardi.com.br\/site\/wp-content\/uploads\/2015\/09\/ico_embutido.png\" class=\"attachment-full size-full wp-image-697\" alt=\"\" \/>\t\t\t\t\t\t\t\t\t\t\t\t\t\t\t<\/div>\n\t\t\t\t<div class=\"elementor-element elementor-element-c3bed6d elementor-widget elementor-widget-image\" data-id=\"c3bed6d\" data-element_type=\"widget\" data-e-type=\"widget\" data-widget_type=\"image.default\">\n\t\t\t\t\t\t\t\t\t\t\t\t\t\t\t<img loading=\"lazy\" decoding=\"async\" width=\"201\" height=\"167\" src=\"https:\/\/transportadoralunardi.com.br\/site\/wp-content\/uploads\/2018\/05\/ico_acai.png\" class=\"attachment-full size-full wp-image-1076\" alt=\"\" \/>\t\t\t\t\t\t\t\t\t\t\t\t\t\t\t<\/div>\n\t\t\t\t<\/div>\n\t\t\t\t<\/div>\n\t\t\t\t\t<\/div>\n\t\t\t\t<\/div>\n\t\t<div class=\"elementor-element elementor-element-d651b74 e-flex e-con-boxed e-con e-parent\" data-id=\"d651b74\" data-element_type=\"container\" data-e-type=\"container\" data-settings=\"{&quot;background_background&quot;:&quot;classic&quot;,&quot;animation&quot;:&quot;none&quot;}\">\n\t\t\t\t\t<div class=\"e-con-inner\">\n\t\t<div class=\"elementor-element elementor-element-5ea5ea9 e-con-full e-flex e-con e-child\" data-id=\"5ea5ea9\" data-element_type=\"container\" data-e-type=\"container\">\n\t\t\t\t<div class=\"elementor-element elementor-element-a39b15d elementor-widget__width-initial elementor-widget-divider--view-line elementor-widget elementor-widget-divider\" data-id=\"a39b15d\" data-element_type=\"widget\" data-e-type=\"widget\" data-widget_type=\"divider.default\">\n\t\t\t\t\t\t\t<div class=\"elementor-divider\">\n\t\t\t<span class=\"elementor-divider-separator\">\n\t\t\t\t\t\t<\/span>\n\t\t<\/div>\n\t\t\t\t\t\t<\/div>\n\t\t\t\t<div class=\"elementor-element elementor-element-b0df77a elementor-widget elementor-widget-heading\" data-id=\"b0df77a\" data-element_type=\"widget\" data-e-type=\"widget\" data-widget_type=\"heading.default\">\n\t\t\t\t\t<h2 class=\"elementor-heading-title elementor-size-default\">Carga Resfriada<\/h2>\t\t\t\t<\/div>\n\t\t\t\t<div class=\"elementor-element elementor-element-3228fb7 elementor-widget__width-initial elementor-widget-divider--view-line elementor-widget elementor-widget-divider\" data-id=\"3228fb7\" data-element_type=\"widget\" data-e-type=\"widget\" data-widget_type=\"divider.default\">\n\t\t\t\t\t\t\t<div class=\"elementor-divider\">\n\t\t\t<span class=\"elementor-divider-separator\">\n\t\t\t\t\t\t<\/span>\n\t\t<\/div>\n\t\t\t\t\t\t<\/div>\n\t\t\t\t<\/div>\n\t\t<div class=\"elementor-element elementor-element-bebc41b e-con-full e-flex e-con e-child\" data-id=\"bebc41b\" data-element_type=\"container\" data-e-type=\"container\">\n\t\t<div class=\"elementor-element elementor-element-f82c9ee e-con-full e-flex e-con e-child\" data-id=\"f82c9ee\" data-element_type=\"container\" data-e-type=\"container\">\n\t\t\t\t<div class=\"elementor-element elementor-element-ac3f617 elementor-widget elementor-widget-image\" data-id=\"ac3f617\" data-element_type=\"widget\" data-e-type=\"widget\" data-widget_type=\"image.default\">\n\t\t\t\t\t\t\t\t\t\t\t\t\t\t\t<img loading=\"lazy\" decoding=\"async\" width=\"201\" height=\"167\" src=\"https:\/\/transportadoralunardi.com.br\/site\/wp-content\/uploads\/2015\/09\/ico_chocolate.png\" class=\"attachment-full size-full wp-image-696\" alt=\"\" \/>\t\t\t\t\t\t\t\t\t\t\t\t\t\t\t<\/div>\n\t\t\t\t<div class=\"elementor-element elementor-element-a104dfd elementor-widget elementor-widget-image\" data-id=\"a104dfd\" data-element_type=\"widget\" data-e-type=\"widget\" data-widget_type=\"image.default\">\n\t\t\t\t\t\t\t\t\t\t\t\t\t\t\t<img loading=\"lazy\" decoding=\"async\" width=\"201\" height=\"167\" src=\"https:\/\/transportadoralunardi.com.br\/site\/wp-content\/uploads\/2015\/09\/ico_queijos.png\" class=\"attachment-full size-full wp-image-701\" alt=\"\" \/>\t\t\t\t\t\t\t\t\t\t\t\t\t\t\t<\/div>\n\t\t\t\t<div class=\"elementor-element elementor-element-69cb079 elementor-widget elementor-widget-image\" data-id=\"69cb079\" data-element_type=\"widget\" data-e-type=\"widget\" data-widget_type=\"image.default\">\n\t\t\t\t\t\t\t\t\t\t\t\t\t\t\t<img loading=\"lazy\" decoding=\"async\" width=\"201\" height=\"167\" src=\"https:\/\/transportadoralunardi.com.br\/site\/wp-content\/uploads\/2015\/09\/ico_frutas.png\" class=\"attachment-full size-full wp-image-698\" alt=\"\" \/>\t\t\t\t\t\t\t\t\t\t\t\t\t\t\t<\/div>\n\t\t\t\t<div class=\"elementor-element elementor-element-33f0e48 elementor-widget elementor-widget-image\" data-id=\"33f0e48\" data-element_type=\"widget\" data-e-type=\"widget\" data-widget_type=\"image.default\">\n\t\t\t\t\t\t\t\t\t\t\t\t\t\t\t<img loading=\"lazy\" decoding=\"async\" width=\"201\" height=\"167\" src=\"https:\/\/transportadoralunardi.com.br\/site\/wp-content\/uploads\/2015\/09\/ico_legumes.png\" class=\"attachment-full size-full wp-image-699\" alt=\"\" \/>\t\t\t\t\t\t\t\t\t\t\t\t\t\t\t<\/div>\n\t\t\t\t<div class=\"elementor-element elementor-element-5bb07d1 elementor-widget elementor-widget-image\" data-id=\"5bb07d1\" data-element_type=\"widget\" data-e-type=\"widget\" data-widget_type=\"image.default\">\n\t\t\t\t\t\t\t\t\t\t\t\t\t\t\t<img loading=\"lazy\" decoding=\"async\" width=\"201\" height=\"167\" src=\"https:\/\/transportadoralunardi.com.br\/site\/wp-content\/uploads\/2015\/09\/ico_carnes.png\" class=\"attachment-full size-full wp-image-695\" alt=\"\" \/>\t\t\t\t\t\t\t\t\t\t\t\t\t\t\t<\/div>\n\t\t\t\t<\/div>\n\t\t\t\t<\/div>\n\t\t\t\t\t<\/div>\n\t\t\t\t<\/div>\n\t\t<div class=\"elementor-element elementor-element-f866e33 e-flex e-con-boxed e-con e-parent\" data-id=\"f866e33\" data-element_type=\"container\" data-e-type=\"container\" data-settings=\"{&quot;background_background&quot;:&quot;classic&quot;,&quot;animation&quot;:&quot;none&quot;}\">\n\t\t\t\t\t<div class=\"e-con-inner\">\n\t\t<div class=\"elementor-element elementor-element-382dfcc e-con-full e-flex e-con e-child\" data-id=\"382dfcc\" data-element_type=\"container\" data-e-type=\"container\">\n\t\t\t\t<div class=\"elementor-element elementor-element-b9eb8ce elementor-widget__width-initial elementor-widget-divider--view-line elementor-widget elementor-widget-divider\" data-id=\"b9eb8ce\" data-element_type=\"widget\" data-e-type=\"widget\" data-widget_type=\"divider.default\">\n\t\t\t\t\t\t\t<div class=\"elementor-divider\">\n\t\t\t<span class=\"elementor-divider-separator\">\n\t\t\t\t\t\t<\/span>\n\t\t<\/div>\n\t\t\t\t\t\t<\/div>\n\t\t\t\t<div class=\"elementor-element elementor-element-45677b9 elementor-widget elementor-widget-heading\" data-id=\"45677b9\" data-element_type=\"widget\" data-e-type=\"widget\" data-widget_type=\"heading.default\">\n\t\t\t\t\t<h2 class=\"elementor-heading-title elementor-size-default\">Carga Seca<\/h2>\t\t\t\t<\/div>\n\t\t\t\t<div class=\"elementor-element elementor-element-520a098 elementor-widget__width-initial elementor-widget-divider--view-line elementor-widget elementor-widget-divider\" data-id=\"520a098\" data-element_type=\"widget\" data-e-type=\"widget\" data-widget_type=\"divider.default\">\n\t\t\t\t\t\t\t<div class=\"elementor-divider\">\n\t\t\t<span class=\"elementor-divider-separator\">\n\t\t\t\t\t\t<\/span>\n\t\t<\/div>\n\t\t\t\t\t\t<\/div>\n\t\t\t\t<\/div>\n\t\t<div class=\"elementor-element elementor-element-e6924f9 e-con-full e-flex e-con e-child\" data-id=\"e6924f9\" data-element_type=\"container\" data-e-type=\"container\">\n\t\t<div class=\"elementor-element elementor-element-b343a44 e-con-full e-flex e-con e-child\" data-id=\"b343a44\" data-element_type=\"container\" data-e-type=\"container\">\n\t\t\t\t<div class=\"elementor-element elementor-element-ea2d025 elementor-widget elementor-widget-image\" data-id=\"ea2d025\" data-element_type=\"widget\" data-e-type=\"widget\" data-widget_type=\"image.default\">\n\t\t\t\t\t\t\t\t\t\t\t\t\t\t\t<img loading=\"lazy\" decoding=\"async\" width=\"201\" height=\"167\" src=\"https:\/\/transportadoralunardi.com.br\/site\/wp-content\/uploads\/2018\/05\/ico_indust.png\" class=\"attachment-full size-full wp-image-1078\" alt=\"\" \/>\t\t\t\t\t\t\t\t\t\t\t\t\t\t\t<\/div>\n\t\t\t\t<div class=\"elementor-element elementor-element-8f49b16 elementor-widget elementor-widget-image\" data-id=\"8f49b16\" data-element_type=\"widget\" data-e-type=\"widget\" data-widget_type=\"image.default\">\n\t\t\t\t\t\t\t\t\t\t\t\t\t\t\t<img loading=\"lazy\" decoding=\"async\" width=\"201\" height=\"167\" src=\"https:\/\/transportadoralunardi.com.br\/site\/wp-content\/uploads\/2015\/09\/ico_beleza.png\" class=\"attachment-full size-full wp-image-705\" alt=\"\" \/>\t\t\t\t\t\t\t\t\t\t\t\t\t\t\t<\/div>\n\t\t\t\t<div class=\"elementor-element elementor-element-1e7d0d4 elementor-widget elementor-widget-image\" data-id=\"1e7d0d4\" data-element_type=\"widget\" data-e-type=\"widget\" data-widget_type=\"image.default\">\n\t\t\t\t\t\t\t\t\t\t\t\t\t\t\t<img loading=\"lazy\" decoding=\"async\" width=\"201\" height=\"167\" src=\"https:\/\/transportadoralunardi.com.br\/site\/wp-content\/uploads\/2015\/09\/ico_higiene.png\" class=\"attachment-full size-full wp-image-706\" alt=\"\" \/>\t\t\t\t\t\t\t\t\t\t\t\t\t\t\t<\/div>\n\t\t\t\t<div class=\"elementor-element elementor-element-639392d elementor-widget elementor-widget-image\" data-id=\"639392d\" data-element_type=\"widget\" data-e-type=\"widget\" data-widget_type=\"image.default\">\n\t\t\t\t\t\t\t\t\t\t\t\t\t\t\t<img loading=\"lazy\" decoding=\"async\" width=\"201\" height=\"167\" src=\"https:\/\/transportadoralunardi.com.br\/site\/wp-content\/uploads\/2018\/05\/ico_suco-1.png\" class=\"attachment-full size-full wp-image-1082\" alt=\"\" \/>\t\t\t\t\t\t\t\t\t\t\t\t\t\t\t<\/div>\n\t\t\t\t<div class=\"elementor-element elementor-element-9221329 elementor-widget elementor-widget-image\" data-id=\"9221329\" data-element_type=\"widget\" data-e-type=\"widget\" data-widget_type=\"image.default\">\n\t\t\t\t\t\t\t\t\t\t\t\t\t\t\t<img loading=\"lazy\" decoding=\"async\" width=\"201\" height=\"167\" src=\"https:\/\/transportadoralunardi.com.br\/site\/wp-content\/uploads\/2018\/05\/ico_suco.png\" class=\"attachment-full size-full wp-image-1079\" alt=\"\" \/>\t\t\t\t\t\t\t\t\t\t\t\t\t\t\t<\/div>\n\t\t\t\t<\/div>\n\t\t\t\t<\/div>\n\t\t\t\t\t<\/div>\n\t\t\t\t<\/div>\n\t\t\t\t<\/div>\n\t\t","protected":false},"excerpt":{"rendered":"<p>O que n\u00f3s transportamos Oferecemos solu\u00e7\u00f5es de log\u00edstica sob medida para voc\u00ea, de ponto a ponto e em todo o territ\u00f3rio nacional, para cargas secas e refrigeradas, sempre atenta \u00e0s particularidades e exig\u00eancias\/demandas espec\u00edficas de cada cliente, garantindo as condi\u00e7\u00f5es ideais at\u00e9 seu destino final: os centros de distribui\u00e7\u00e3o. Carga Congelada Utilizamos equipamentos de refrigera\u00e7\u00e3o [&hellip;]<\/p>\n","protected":false},"author":1,"featured_media":0,"parent":0,"menu_order":0,"comment_status":"closed","ping_status":"closed","template":"","meta":{"footnotes":""},"class_list":["post-2034","page","type-page","status-publish","hentry"],"_links":{"self":[{"href":"https:\/\/transportadoralunardi.com.br\/site\/wp-json\/wp\/v2\/pages\/2034","targetHints":{"allow":["GET"]}}],"collection":[{"href":"https:\/\/transportadoralunardi.com.br\/site\/wp-json\/wp\/v2\/pages"}],"about":[{"href":"https:\/\/transportadoralunardi.com.br\/site\/wp-json\/wp\/v2\/types\/page"}],"author":[{"embeddable":true,"href":"https:\/\/transportadoralunardi.com.br\/site\/wp-json\/wp\/v2\/users\/1"}],"replies":[{"embeddable":true,"href":"https:\/\/transportadoralunardi.com.br\/site\/wp-json\/wp\/v2\/comments?post=2034"}],"version-history":[{"count":14,"href":"https:\/\/transportadoralunardi.com.br\/site\/wp-json\/wp\/v2\/pages\/2034\/revisions"}],"predecessor-version":[{"id":2461,"href":"https:\/\/transportadoralunardi.com.br\/site\/wp-json\/wp\/v2\/pages\/2034\/revisions\/2461"}],"wp:attachment":[{"href":"https:\/\/transportadoralunardi.com.br\/site\/wp-json\/wp\/v2\/media?parent=2034"}],"curies":[{"name":"wp","href":"https:\/\/api.w.org\/{rel}","templated":true}]}}